{"id":13657,"date":"2020-12-02T16:29:51","date_gmt":"2020-12-02T15:29:51","guid":{"rendered":"https:\/\/artsdecodesign.com\/?page_id=13657"},"modified":"2020-12-02T16:29:53","modified_gmt":"2020-12-02T15:29:53","slug":"les-artistes","status":"publish","type":"page","link":"https:\/\/artsdecodesign.com\/en\/les-artistes\/","title":{"rendered":"Les Artistes"},"content":{"rendered":"<div class=\"wpb-content-wrapper\"><p>[vc_section content_placement=&#8221;top&#8221; css=&#8221;.vc_custom_1494502232432{margin-top: -100px !important;padding-top: 50px !important;padding-right: 10% !important;padding-left: 10% !important;background-color: #ffffff !important;}&#8221; el_class=&#8221;position-relative z-index-h&#8221;][vc_row 0=&#8221;&#8221;][vc_column 0=&#8221;&#8221; mobile_bg_img_hidden=&#8221;no&#8221; tablet_bg_img_hidden=&#8221;no&#8221; woodmart_parallax=&#8221;0&#8243; woodmart_sticky_column=&#8221;false&#8221; parallax_scroll=&#8221;no&#8221; mobile_reset_margin=&#8221;no&#8221; tablet_reset_margin=&#8221;no&#8221; css=&#8221;.vc_custom_1603204642906{padding-top: 5% !important;}&#8221;]\n\t\t<div id=\"wd-5f99962308ab3\" class=\"title-wrapper wd-wpb set-mb-s reset-last-child  wd-rs-5f99962308ab3 wd-title-color-default wd-title-style-default text-center  wd-underline-colored\">\n\t\t\t\t\t\t\t<div class=\"title-subtitle  subtitle-color-default font-default subtitle-style-default wd-font-weight- wd-fontsize-xs\">Avec ses magnifiques \u0153uvres<\/div>\n\t\t\t\n\t\t\t<div class=\"liner-continer\">\n\t\t\t\t<h4 class=\"woodmart-title-container title  wd-font-weight- wd-fontsize-xxl\" >LES ARTISTES<\/h4>\n\t\t\t\t\t\t\t<\/div>\n\t\t\t\n\t\t\t\t\t\t\t<div class=\"title-after_title  set-cont-mb-s reset-last-child  wd-fontsize-s\">Jetez un \u0153il aux articles que nous vous pr\u00e9sentons avec l'autobiographie de nos artistes et leur sinc\u00e9rit\u00e9 avec l'art.<\/div>\n\t\t\t\n\t\t\t\n\t\t<\/div>\n\t\t\n\t\t[\/vc_column][\/vc_row][vc_row][vc_column width=&#8221;1\/2&#8243;]\t\t<div class=\"promo-banner-wrapper  wd-rs-5f9ad37ab9a6f \">\n\t\t\t<div id=\"wd-5f9ad37ab9a6f\" class=\"promo-banner  banner-content-background banner-hover-zoom color-scheme-light banner-btn-size-default banner-btn-style-default  with-btn banner-btn-position-static cursor-pointer wd-underline-colored\"\t\t\t\t onclick=\"window.location.href='\/kyriel\/'\"\t\t\t>\n\t\t\t\t<div class=\"main-wrapp-img\">\n\t\t\t\t\t<div class=\"banner-image wd-bg-position-center\" >\n\t\t\t\t\t\t<img loading=\"lazy\" decoding=\"async\" width=\"768\" height=\"768\" src=\"https:\/\/artsdecodesign.com\/wp-content\/uploads\/2020\/10\/kyriel-n.jpg\" class=\"promo-banner-image attachment-full\" alt=\"\" title=\"kyriel-n\" srcset=\"https:\/\/artsdecodesign.com\/wp-content\/uploads\/2020\/10\/kyriel-n.jpg 768w, https:\/\/artsdecodesign.com\/wp-content\/uploads\/2020\/10\/kyriel-n-600x600.jpg 600w, https:\/\/artsdecodesign.com\/wp-content\/uploads\/2020\/10\/kyriel-n-300x300.jpg 300w, https:\/\/artsdecodesign.com\/wp-content\/uploads\/2020\/10\/kyriel-n-150x150.jpg 150w\" sizes=\"auto, (max-width: 768px) 100vw, 768px\" \/>\t\t\t\t\t<\/div>\n\t\t\t\t<\/div>\n\n\t\t\t\t<div class=\"wrapper-content-banner wd-fill  wd-items-middle wd-justify-center\">\n\t\t\t\t\t<div class=\"content-banner  text-center\">\n\t\t\t\t\t\t<h4 class=\"banner-title wd-font-weight- wd-fontsize-xl\">Kyriel<\/h4>\t\t\t\t\t\t\t\t\t\t\t\t\t<div class=\"banner-inner set-cont-mb-s reset-last-child wd-fontsize-xs\">\n\t\t\t\t\t\t\t\t<\/p>\n<p style=\"text-align: center;\">Artiste, Peintre<\/p>\n<p>\n\t\t\t\t\t\t\t<\/div>\n\t\t\t\t\t\t\n\t\t\t\t\t\t\n\t\t\t\t\t\t<div class=\"banner-btn-wrapper\"><div id=\"wd-69eb71fec2fca\" class=\"  wd-button-wrapper text-center\"><a  class=\"btn btn-color-default btn-style-default btn-style-rectangle btn-size-default\">Aller \u00e0 l&#039;artiste<\/a><\/div><\/div>\t\t\t\t\t<\/div>\n\t\t\t\t<\/div>\n\t\t\t\t\t\t\t<\/div>\n\t\t<\/div>\n\n\t\t[vc_separator color=&#8221;black&#8221; border_width=&#8221;2&#8243; css=&#8221;.vc_custom_1603291795928{padding-top: 30px !important;}&#8221;]\t\t<div class=\"promo-banner-wrapper  wd-rs-5f9ad38616cde \">\n\t\t\t<div id=\"wd-5f9ad38616cde\" class=\"promo-banner  banner-content-background banner-hover-zoom color-scheme-light banner-btn-size-default banner-btn-style-default  with-btn banner-btn-position-static cursor-pointer wd-underline-colored\"\t\t\t\t onclick=\"window.location.href='\/veronique-lobudzinska'\"\t\t\t>\n\t\t\t\t<div class=\"main-wrapp-img\">\n\t\t\t\t\t<div class=\"banner-image wd-bg-position-center\" >\n\t\t\t\t\t\t<img loading=\"lazy\" decoding=\"async\" width=\"768\" height=\"768\" src=\"https:\/\/artsdecodesign.com\/wp-content\/uploads\/2020\/10\/RELOOKING-LION-nb.jpg\" class=\"promo-banner-image attachment-full\" alt=\"\" title=\"RELOOKING-LION-nb\" srcset=\"https:\/\/artsdecodesign.com\/wp-content\/uploads\/2020\/10\/RELOOKING-LION-nb.jpg 768w, https:\/\/artsdecodesign.com\/wp-content\/uploads\/2020\/10\/RELOOKING-LION-nb-600x600.jpg 600w, https:\/\/artsdecodesign.com\/wp-content\/uploads\/2020\/10\/RELOOKING-LION-nb-300x300.jpg 300w, https:\/\/artsdecodesign.com\/wp-content\/uploads\/2020\/10\/RELOOKING-LION-nb-150x150.jpg 150w\" sizes=\"auto, (max-width: 768px) 100vw, 768px\" \/>\t\t\t\t\t<\/div>\n\t\t\t\t<\/div>\n\n\t\t\t\t<div class=\"wrapper-content-banner wd-fill  wd-items-middle wd-justify-center\">\n\t\t\t\t\t<div class=\"content-banner  text-center\">\n\t\t\t\t\t\t<h3 class=\"banner-title wd-font-weight- wd-fontsize-xl\">Veronique Lobudzinska<\/h3>\t\t\t\t\t\t\t\t\t\t\t\t\t<div class=\"banner-inner set-cont-mb-s reset-last-child wd-fontsize-xs\">\n\t\t\t\t\t\t\t\t<\/p>\n<p style=\"text-align: center;\">Upcycleuse Artiste<\/p>\n<p>\n\t\t\t\t\t\t\t<\/div>\n\t\t\t\t\t\t\n\t\t\t\t\t\t\n\t\t\t\t\t\t<div class=\"banner-btn-wrapper\"><div id=\"wd-69eb71fec3c76\" class=\"  wd-button-wrapper text-center\"><a  class=\"btn btn-color-default btn-style-default btn-style-rectangle btn-size-default\">Aller \u00e0 l&#039;artiste<\/a><\/div><\/div>\t\t\t\t\t<\/div>\n\t\t\t\t<\/div>\n\t\t\t\t\t\t\t<\/div>\n\t\t<\/div>\n\n\t\t[vc_separator color=&#8221;black&#8221; border_width=&#8221;2&#8243; css=&#8221;.vc_custom_1603291795928{padding-top: 30px !important;}&#8221;]\t\t<div class=\"promo-banner-wrapper  wd-rs-5f914c1561ede \">\n\t\t\t<div id=\"wd-5f914c1561ede\" class=\"promo-banner  banner-content-background banner-hover-zoom color-scheme-light banner-btn-size-default banner-btn-style-default  with-btn banner-btn-position-static cursor-pointer wd-underline-colored\"\t\t\t\t onclick=\"window.location.href='https:\/\/artsdecodesign.com\/jean-luc-rossier'\"\t\t\t>\n\t\t\t\t<div class=\"main-wrapp-img\">\n\t\t\t\t\t<div class=\"banner-image wd-bg-position-center\" >\n\t\t\t\t\t\t<img loading=\"lazy\" decoding=\"async\" width=\"768\" height=\"768\" src=\"https:\/\/artsdecodesign.com\/wp-content\/uploads\/2020\/10\/Jean-Luc-Rossier.jpg\" class=\"promo-banner-image attachment-full\" alt=\"\" title=\"Jean-Luc Rossier\" srcset=\"https:\/\/artsdecodesign.com\/wp-content\/uploads\/2020\/10\/Jean-Luc-Rossier.jpg 768w, https:\/\/artsdecodesign.com\/wp-content\/uploads\/2020\/10\/Jean-Luc-Rossier-600x600.jpg 600w, https:\/\/artsdecodesign.com\/wp-content\/uploads\/2020\/10\/Jean-Luc-Rossier-300x300.jpg 300w, https:\/\/artsdecodesign.com\/wp-content\/uploads\/2020\/10\/Jean-Luc-Rossier-150x150.jpg 150w\" sizes=\"auto, (max-width: 768px) 100vw, 768px\" \/>\t\t\t\t\t<\/div>\n\t\t\t\t<\/div>\n\n\t\t\t\t<div class=\"wrapper-content-banner wd-fill  wd-items-middle wd-justify-center\">\n\t\t\t\t\t<div class=\"content-banner  text-center\">\n\t\t\t\t\t\t<h3 class=\"banner-title wd-font-weight- wd-fontsize-xl\">Jean-Luc Rossier<\/h3>\t\t\t\t\t\t\t\t\t\t\t\t\t<div class=\"banner-inner set-cont-mb-s reset-last-child wd-fontsize-xs\">\n\t\t\t\t\t\t\t\t<\/p>\n<p style=\"text-align: center;\">Le designer<\/p>\n<p>\n\t\t\t\t\t\t\t<\/div>\n\t\t\t\t\t\t\n\t\t\t\t\t\t\n\t\t\t\t\t\t<div class=\"banner-btn-wrapper\"><div id=\"wd-69eb71fec4d16\" class=\"  wd-button-wrapper text-center\"><a  class=\"btn btn-color-default btn-style-default btn-style-rectangle btn-size-default\">Aller \u00e0 l&#039;artiste<\/a><\/div><\/div>\t\t\t\t\t<\/div>\n\t\t\t\t<\/div>\n\t\t\t\t\t\t\t<\/div>\n\t\t<\/div>\n\n\t\t[\/vc_column][vc_column width=&#8221;1\/2&#8243;]\t\t<div class=\"promo-banner-wrapper  wd-rs-5f9ad3904ac4a \">\n\t\t\t<div id=\"wd-5f9ad3904ac4a\" class=\"promo-banner  banner-content-background banner-hover-zoom color-scheme-light banner-btn-size-default banner-btn-style-default  with-btn banner-btn-position-static cursor-pointer wd-underline-colored\"\t\t\t\t onclick=\"window.location.href='\/angelo-garbo'\"\t\t\t>\n\t\t\t\t<div class=\"main-wrapp-img\">\n\t\t\t\t\t<div class=\"banner-image wd-bg-position-center\" >\n\t\t\t\t\t\t<img loading=\"lazy\" decoding=\"async\" width=\"768\" height=\"768\" src=\"https:\/\/artsdecodesign.com\/wp-content\/uploads\/2020\/10\/angelo-garbo-n.png.jpg\" class=\"promo-banner-image attachment-full\" alt=\"\" title=\"angelo-garbo-n.png\" srcset=\"https:\/\/artsdecodesign.com\/wp-content\/uploads\/2020\/10\/angelo-garbo-n.png.jpg 768w, https:\/\/artsdecodesign.com\/wp-content\/uploads\/2020\/10\/angelo-garbo-n.png-600x600.jpg 600w, https:\/\/artsdecodesign.com\/wp-content\/uploads\/2020\/10\/angelo-garbo-n.png-300x300.jpg 300w, https:\/\/artsdecodesign.com\/wp-content\/uploads\/2020\/10\/angelo-garbo-n.png-150x150.jpg 150w\" sizes=\"auto, (max-width: 768px) 100vw, 768px\" \/>\t\t\t\t\t<\/div>\n\t\t\t\t<\/div>\n\n\t\t\t\t<div class=\"wrapper-content-banner wd-fill  wd-items-middle wd-justify-center\">\n\t\t\t\t\t<div class=\"content-banner  text-center\">\n\t\t\t\t\t\t<h4 class=\"banner-title wd-font-weight- wd-fontsize-xl\">Angelo Garbo<\/h4>\t\t\t\t\t\t\t\t\t\t\t\t\t<div class=\"banner-inner set-cont-mb-s reset-last-child wd-fontsize-xs\">\n\t\t\t\t\t\t\t\t<\/p>\n<p style=\"text-align: center;\">Artiste, Peintre<\/p>\n<p>\n\t\t\t\t\t\t\t<\/div>\n\t\t\t\t\t\t\n\t\t\t\t\t\t\n\t\t\t\t\t\t<div class=\"banner-btn-wrapper\"><div id=\"wd-69eb71fec58ed\" class=\"  wd-button-wrapper text-center\"><a  class=\"btn btn-color-default btn-style-default btn-style-rectangle btn-size-default\">Aller \u00e0 l&#039;artiste<\/a><\/div><\/div>\t\t\t\t\t<\/div>\n\t\t\t\t<\/div>\n\t\t\t\t\t\t\t<\/div>\n\t\t<\/div>\n\n\t\t[vc_separator color=&#8221;black&#8221; border_width=&#8221;2&#8243; css=&#8221;.vc_custom_1603291858557{padding-top: 30px !important;}&#8221;]\t\t<div class=\"promo-banner-wrapper  wd-rs-5f9ad399c855f \">\n\t\t\t<div id=\"wd-5f9ad399c855f\" class=\"promo-banner  banner-content-background banner-hover-zoom color-scheme-light banner-btn-size-default banner-btn-style-default  with-btn banner-btn-position-static cursor-pointer wd-underline-colored\"\t\t\t\t onclick=\"window.location.href='\/jerome-lefrancois\/'\"\t\t\t>\n\t\t\t\t<div class=\"main-wrapp-img\">\n\t\t\t\t\t<div class=\"banner-image wd-bg-position-center\" >\n\t\t\t\t\t\t<img loading=\"lazy\" decoding=\"async\" width=\"768\" height=\"768\" src=\"https:\/\/artsdecodesign.com\/wp-content\/uploads\/2020\/10\/jerome-n.png.jpg\" class=\"promo-banner-image attachment-full\" alt=\"\" title=\"jerome-n.png\" srcset=\"https:\/\/artsdecodesign.com\/wp-content\/uploads\/2020\/10\/jerome-n.png.jpg 768w, https:\/\/artsdecodesign.com\/wp-content\/uploads\/2020\/10\/jerome-n.png-600x600.jpg 600w, https:\/\/artsdecodesign.com\/wp-content\/uploads\/2020\/10\/jerome-n.png-300x300.jpg 300w, https:\/\/artsdecodesign.com\/wp-content\/uploads\/2020\/10\/jerome-n.png-150x150.jpg 150w\" sizes=\"auto, (max-width: 768px) 100vw, 768px\" \/>\t\t\t\t\t<\/div>\n\t\t\t\t<\/div>\n\n\t\t\t\t<div class=\"wrapper-content-banner wd-fill  wd-items-middle wd-justify-center\">\n\t\t\t\t\t<div class=\"content-banner  text-center\">\n\t\t\t\t\t\t<h4 class=\"banner-title wd-font-weight- wd-fontsize-xl\">Jerome Lefran\u00e7ois<\/h4>\t\t\t\t\t\t\t\t\t\t\t\t\t<div class=\"banner-inner set-cont-mb-s reset-last-child wd-fontsize-xs\">\n\t\t\t\t\t\t\t\t<\/p>\n<p style=\"text-align: center;\">Artiste, Peintre<\/p>\n<p>\n\t\t\t\t\t\t\t<\/div>\n\t\t\t\t\t\t\n\t\t\t\t\t\t\n\t\t\t\t\t\t<div class=\"banner-btn-wrapper\"><div id=\"wd-69eb71fec660e\" class=\"  wd-button-wrapper text-center\"><a  class=\"btn btn-color-default btn-style-default btn-style-rectangle btn-size-default\">Aller \u00e0 l&#039;artiste<\/a><\/div><\/div>\t\t\t\t\t<\/div>\n\t\t\t\t<\/div>\n\t\t\t\t\t\t\t<\/div>\n\t\t<\/div>\n\n\t\t[\/vc_column][\/vc_row][vc_row][vc_column][vc_empty_space height=&#8221;42px&#8221; woodmart_hide_large=&#8221;0&#8243; woodmart_hide_medium=&#8221;0&#8243; woodmart_hide_small=&#8221;0&#8243; woodmart_hide_extra_small=&#8221;0&#8243;]\n\t\t\t<!-- START 01Video REVOLUTION SLIDER 6.7.31 --><p class=\"rs-p-wp-fix\"><\/p>\n\t\t\t<rs-module-wrap id=\"rev_slider_44_1_wrapper\" data-source=\"gallery\" style=\"visibility:hidden;background:transparent;padding:0;margin:0px auto;margin-top:0;margin-bottom:0;\">\n\t\t\t\t<rs-module id=\"rev_slider_44_1\" style=\"\" data-version=\"6.7.31\">\n\t\t\t\t\t<rs-slides style=\"overflow: hidden; position: absolute;\">\n\t\t\t\t\t\t<rs-slide style=\"position: absolute;\" data-key=\"rs-107\" data-title=\"01-Video\" data-anim=\"ms:1000;r:0;\" data-in=\"o:0;\" data-out=\"a:false;\">\n\t\t\t\t\t\t\t<img decoding=\"async\" src=\"\/\/artsdecodesign.com\/wp-content\/plugins\/revslider\/sr6\/assets\/assets\/dummy.png\" alt=\"\" title=\"Les Artistes\" class=\"rev-slidebg tp-rs-img rs-lazyload\" data-lazyload=\"\/\/artsdecodesign.com\/wp-content\/plugins\/revslider\/sr6\/assets\/assets\/transparent.png\" data-no-retina>\n\t\t\t\t\t\t\t<rs-bgvideo \n\t\t\t\t\t\t\t\tdata-video=\"vc:none;w:100%;h:100%;sta:00:48;end:02:19;nse:false;l:true;ptimer:false;\"\n\t\t\t\t\t\t\t\tdata-ytid=\"ejJpK_TAdE8\"\n\t\t\t\t\t\t\t\tdata-vatr=\"version=3&amp;enablejsapi=1&amp;html5=1&amp;hd=1&amp;wmode=opaque&amp;showinfo=0&amp;rel=0&amp;origin=https:\/\/artsdecodesign.com;\"\n\t\t\t\t\t\t\t><\/rs-bgvideo>\n<!--\n\t\t\t\t\t\t\t--><rs-layer\n\t\t\t\t\t\t\t\tid=\"slider-44-slide-107-layer-0\" \n\t\t\t\t\t\t\t\tdata-type=\"shape\"\n\t\t\t\t\t\t\t\tdata-rsp_ch=\"on\"\n\t\t\t\t\t\t\t\tdata-text=\"w:normal;\"\n\t\t\t\t\t\t\t\tdata-dim=\"w:100%;h:100%;\"\n\t\t\t\t\t\t\t\tdata-basealign=\"slide\"\n\t\t\t\t\t\t\t\tdata-frame_999=\"o:0;st:w;sR:8700;\"\n\t\t\t\t\t\t\t\tstyle=\"z-index:8;background-color:rgba(0,0,0,0.55);\"\n\t\t\t\t\t\t\t> \n\t\t\t\t\t\t\t<\/rs-layer><!--\n\n\t\t\t\t\t\t\t--><rs-layer\n\t\t\t\t\t\t\t\tid=\"slider-44-slide-107-layer-1\" \n\t\t\t\t\t\t\t\tdata-type=\"text\"\n\t\t\t\t\t\t\t\tdata-color=\"#ffffff\"\n\t\t\t\t\t\t\t\tdata-rsp_ch=\"on\"\n\t\t\t\t\t\t\t\tdata-xy=\"x:c;y:c;yo:-44px;\"\n\t\t\t\t\t\t\t\tdata-text=\"w:normal;\"\n\t\t\t\t\t\t\t\tdata-frame_1=\"st:420;sR:420;\"\n\t\t\t\t\t\t\t\tdata-frame_999=\"o:0;st:w;sR:8280;\"\n\t\t\t\t\t\t\t\tstyle=\"z-index:9;font-family:'Montserrat';\"\n\t\t\t\t\t\t\t>Artist, Peintre \n\t\t\t\t\t\t\t<\/rs-layer><!--\n\n\t\t\t\t\t\t\t--><rs-layer\n\t\t\t\t\t\t\t\tid=\"slider-44-slide-107-layer-2\" \n\t\t\t\t\t\t\t\tdata-type=\"text\"\n\t\t\t\t\t\t\t\tdata-color=\"#ffffff\"\n\t\t\t\t\t\t\t\tdata-rsp_ch=\"on\"\n\t\t\t\t\t\t\t\tdata-xy=\"x:c;y:c;\"\n\t\t\t\t\t\t\t\tdata-text=\"w:normal;s:50;\"\n\t\t\t\t\t\t\t\tdata-frame_1=\"st:830;sR:830;\"\n\t\t\t\t\t\t\t\tdata-frame_999=\"o:0;st:w;sR:7870;\"\n\t\t\t\t\t\t\t\tstyle=\"z-index:10;font-family:'Montserrat';\"\n\t\t\t\t\t\t\t>Angelo Garbo \n\t\t\t\t\t\t\t<\/rs-layer><!--\n-->\t\t\t\t\t<\/rs-slide>\n\t\t\t\t\t<\/rs-slides>\n\t\t\t\t<\/rs-module>\n\t\t\t\t<script>\n\t\t\t\t\tsetREVStartSize({c: 'rev_slider_44_1',rl:[1240,1024,778,480],el:[500],gw:[1240],gh:[500],type:'standard',justify:'',layout:'fullwidth',mh:\"0\"});if (window.RS_MODULES!==undefined && window.RS_MODULES.modules!==undefined && window.RS_MODULES.modules[\"revslider441\"]!==undefined) {window.RS_MODULES.modules[\"revslider441\"].once = false;window.revapi44 = undefined;if (window.RS_MODULES.checkMinimal!==undefined) window.RS_MODULES.checkMinimal()}\n\t\t\t\t<\/script>\n\t\t\t<\/rs-module-wrap>\n\t\t\t<!-- END REVOLUTION SLIDER -->\n[\/vc_column][\/vc_row][\/vc_section]<\/p>\n<\/div>","protected":false},"excerpt":{"rendered":"<p>[vc_section content_placement=&#8221;top&#8221; css=&#8221;.vc_custom_1494502232432{margin-top: -100px !important;padding-top: 50px !important;padding-right: 10% !important;padding-left: 10% !important;background-color: #ffffff !important;}&#8221; el_class=&#8221;position-relative z-index-h&#8221;][vc_row 0=&#8221;&#8221;][vc_column 0=&#8221;&#8221; mobile_bg_img_hidden=&#8221;no&#8221; tablet_bg_img_hidden=&#8221;no&#8221; woodmart_parallax=&#8221;0&#8243;<\/p>\n","protected":false},"author":2,"featured_media":0,"parent":0,"menu_order":0,"comment_status":"closed","ping_status":"closed","template":"","meta":{"footnotes":""},"class_list":["post-13657","page","type-page","status-publish","hentry"],"yoast_head":"<!-- This site is optimized with the Yoast SEO plugin v25.1 - https:\/\/yoast.com\/wordpress\/plugins\/seo\/ -->\n<title>Les Artistes - Art-Deco-Design - Magasin en ligne<\/title>\n<meta name=\"robots\" content=\"index, follow, max-snippet:-1, max-image-preview:large, max-video-preview:-1\" \/>\n<link rel=\"canonical\" href=\"https:\/\/artsdecodesign.com\/en\/les-artistes\/\" \/>\n<meta property=\"og:locale\" content=\"en_US\" \/>\n<meta property=\"og:type\" content=\"article\" \/>\n<meta property=\"og:title\" content=\"Les Artistes - Art-Deco-Design - Magasin en ligne\" \/>\n<meta property=\"og:description\" content=\"[vc_section content_placement=&#8221;top&#8221; css=&#8221;.vc_custom_1494502232432{margin-top: -100px !important;padding-top: 50px !important;padding-right: 10% !important;padding-left: 10% !important;background-color: #ffffff !important;}&#8221; el_class=&#8221;position-relative z-index-h&#8221;][vc_row 0=&#8221;&#8221;][vc_column 0=&#8221;&#8221; mobile_bg_img_hidden=&#8221;no&#8221; tablet_bg_img_hidden=&#8221;no&#8221; woodmart_parallax=&#8221;0&#8243;\" \/>\n<meta property=\"og:url\" content=\"https:\/\/artsdecodesign.com\/en\/les-artistes\/\" \/>\n<meta property=\"og:site_name\" content=\"Art-Deco-Design - Magasin en ligne\" \/>\n<meta property=\"article:publisher\" content=\"https:\/\/www.facebook.com\/artsdecodesign\" \/>\n<meta property=\"article:modified_time\" content=\"2020-12-02T15:29:53+00:00\" \/>\n<meta name=\"twitter:card\" content=\"summary_large_image\" \/>\n<meta name=\"twitter:site\" content=\"@artdecodesignc1\" \/>\n<meta name=\"twitter:label1\" content=\"Est. reading time\" \/>\n\t<meta name=\"twitter:data1\" content=\"3 minutes\" \/>\n<script type=\"application\/ld+json\" class=\"yoast-schema-graph\">{\"@context\":\"https:\/\/schema.org\",\"@graph\":[{\"@type\":\"WebPage\",\"@id\":\"https:\/\/artsdecodesign.com\/en\/les-artistes\/\",\"url\":\"https:\/\/artsdecodesign.com\/en\/les-artistes\/\",\"name\":\"Les Artistes - Art-Deco-Design - Magasin en ligne\",\"isPartOf\":{\"@id\":\"https:\/\/artsdecodesign.com\/#website\"},\"datePublished\":\"2020-12-02T15:29:51+00:00\",\"dateModified\":\"2020-12-02T15:29:53+00:00\",\"breadcrumb\":{\"@id\":\"https:\/\/artsdecodesign.com\/en\/les-artistes\/#breadcrumb\"},\"inLanguage\":\"en-US\",\"potentialAction\":[{\"@type\":\"ReadAction\",\"target\":[\"https:\/\/artsdecodesign.com\/en\/les-artistes\/\"]}]},{\"@type\":\"BreadcrumbList\",\"@id\":\"https:\/\/artsdecodesign.com\/en\/les-artistes\/#breadcrumb\",\"itemListElement\":[{\"@type\":\"ListItem\",\"position\":1,\"name\":\"Home\",\"item\":\"https:\/\/artsdecodesign.com\/\"},{\"@type\":\"ListItem\",\"position\":2,\"name\":\"Les Artistes\"}]},{\"@type\":\"WebSite\",\"@id\":\"https:\/\/artsdecodesign.com\/#website\",\"url\":\"https:\/\/artsdecodesign.com\/\",\"name\":\"Art-Deco-Design - Magasin en ligne\",\"description\":\"\",\"potentialAction\":[{\"@type\":\"SearchAction\",\"target\":{\"@type\":\"EntryPoint\",\"urlTemplate\":\"https:\/\/artsdecodesign.com\/?s={search_term_string}\"},\"query-input\":{\"@type\":\"PropertyValueSpecification\",\"valueRequired\":true,\"valueName\":\"search_term_string\"}}],\"inLanguage\":\"en-US\"}]}<\/script>\n<!-- \/ Yoast SEO plugin. -->","yoast_head_json":{"title":"Les Artistes - Art-Deco-Design - Magasin en ligne","robots":{"index":"index","follow":"follow","max-snippet":"max-snippet:-1","max-image-preview":"max-image-preview:large","max-video-preview":"max-video-preview:-1"},"canonical":"https:\/\/artsdecodesign.com\/en\/les-artistes\/","og_locale":"en_US","og_type":"article","og_title":"Les Artistes - Art-Deco-Design - Magasin en ligne","og_description":"[vc_section content_placement=&#8221;top&#8221; css=&#8221;.vc_custom_1494502232432{margin-top: -100px !important;padding-top: 50px !important;padding-right: 10% !important;padding-left: 10% !important;background-color: #ffffff !important;}&#8221; el_class=&#8221;position-relative z-index-h&#8221;][vc_row 0=&#8221;&#8221;][vc_column 0=&#8221;&#8221; mobile_bg_img_hidden=&#8221;no&#8221; tablet_bg_img_hidden=&#8221;no&#8221; woodmart_parallax=&#8221;0&#8243;","og_url":"https:\/\/artsdecodesign.com\/en\/les-artistes\/","og_site_name":"Art-Deco-Design - Magasin en ligne","article_publisher":"https:\/\/www.facebook.com\/artsdecodesign","article_modified_time":"2020-12-02T15:29:53+00:00","twitter_card":"summary_large_image","twitter_site":"@artdecodesignc1","twitter_misc":{"Est. reading time":"3 minutes"},"schema":{"@context":"https:\/\/schema.org","@graph":[{"@type":"WebPage","@id":"https:\/\/artsdecodesign.com\/en\/les-artistes\/","url":"https:\/\/artsdecodesign.com\/en\/les-artistes\/","name":"Les Artistes - Art-Deco-Design - Magasin en ligne","isPartOf":{"@id":"https:\/\/artsdecodesign.com\/#website"},"datePublished":"2020-12-02T15:29:51+00:00","dateModified":"2020-12-02T15:29:53+00:00","breadcrumb":{"@id":"https:\/\/artsdecodesign.com\/en\/les-artistes\/#breadcrumb"},"inLanguage":"en-US","potentialAction":[{"@type":"ReadAction","target":["https:\/\/artsdecodesign.com\/en\/les-artistes\/"]}]},{"@type":"BreadcrumbList","@id":"https:\/\/artsdecodesign.com\/en\/les-artistes\/#breadcrumb","itemListElement":[{"@type":"ListItem","position":1,"name":"Home","item":"https:\/\/artsdecodesign.com\/"},{"@type":"ListItem","position":2,"name":"Les Artistes"}]},{"@type":"WebSite","@id":"https:\/\/artsdecodesign.com\/#website","url":"https:\/\/artsdecodesign.com\/","name":"Art-Deco-Design - Magasin en ligne","description":"","potentialAction":[{"@type":"SearchAction","target":{"@type":"EntryPoint","urlTemplate":"https:\/\/artsdecodesign.com\/?s={search_term_string}"},"query-input":{"@type":"PropertyValueSpecification","valueRequired":true,"valueName":"search_term_string"}}],"inLanguage":"en-US"}]}},"_links":{"self":[{"href":"https:\/\/artsdecodesign.com\/en\/wp-json\/wp\/v2\/pages\/13657","targetHints":{"allow":["GET"]}}],"collection":[{"href":"https:\/\/artsdecodesign.com\/en\/wp-json\/wp\/v2\/pages"}],"about":[{"href":"https:\/\/artsdecodesign.com\/en\/wp-json\/wp\/v2\/types\/page"}],"author":[{"embeddable":true,"href":"https:\/\/artsdecodesign.com\/en\/wp-json\/wp\/v2\/users\/2"}],"replies":[{"embeddable":true,"href":"https:\/\/artsdecodesign.com\/en\/wp-json\/wp\/v2\/comments?post=13657"}],"version-history":[{"count":0,"href":"https:\/\/artsdecodesign.com\/en\/wp-json\/wp\/v2\/pages\/13657\/revisions"}],"wp:attachment":[{"href":"https:\/\/artsdecodesign.com\/en\/wp-json\/wp\/v2\/media?parent=13657"}],"curies":[{"name":"wp","href":"https:\/\/api.w.org\/{rel}","templated":true}]}}