{"id":13665,"date":"2020-12-02T16:32:00","date_gmt":"2020-12-02T15:32:00","guid":{"rendered":"https:\/\/artsdecodesign.com\/?page_id=13665"},"modified":"2020-12-02T16:32:00","modified_gmt":"2020-12-02T15:32:00","slug":"conditions-generales-de-vente","status":"publish","type":"page","link":"https:\/\/artsdecodesign.com\/en\/conditions-generales-de-vente\/","title":{"rendered":"Conditions G\u00e9n\u00e9rales de Vente"},"content":{"rendered":"<div class=\"wpb-content-wrapper\"><p>[vc_row][vc_column][vc_column_text text_larger=&#8221;no&#8221;]<\/p>\n<h2><strong>Conditions g\u00e9n\u00e9rales de vente<\/strong><\/h2>\n<p>Les pr\u00e9sentes Conditions G\u00e9n\u00e9rales sont valables pour toute commande effectu\u00e9e sur le site \u00a0<a href=\"www.artsdecodesign.com\u00a0\">www.artsdecodesign.com\u00a0<\/a>op\u00e9r\u00e9 par Art Deco Design \u2013 soci\u00e9t\u00e9 exploitante <strong>Bomatex SA &#8220;N\u00b0 registre commerce: CH-550.0.110.400-0&#8221; \u00a0\u00e0 l&#8217;adresse Route de Veytay 6, 1295 Mies Suisse <\/strong>r\u00e9gissent le rapport entre www.artsdecodesign.com (ci-apr\u00e8s \u00ab le Site \u00bb ou \u00ab je \u00bb) et l\u2019acheteur (ci-apr\u00e8s \u00ab client \u00bb ou \u00ab vous \u00bb). Tout r\u00e8glement divergeant de ces conditions ainsi que les conventions pass\u00e9es oralement ou par t\u00e9l\u00e9phone doivent \u00eatre express\u00e9ment accept\u00e9s par \u00e9crit pour \u00eatre valables.<\/p>\n<p><strong>Produits<\/strong><\/p>\n<p>www.artsdecodesign.com offre sur son catalogue en ligne une s\u00e9lection de produits dont les descriptions et informations techniques sont fournies par les fabricants. Il s\u2019agit des caract\u00e9ristiques principales ou des sp\u00e9cifications techniques utiles pour que l\u2019acheteur potentiel puisse s\u2019informer avant de confirmer l\u2019achat. Des diff\u00e9rences de teintes et de couleurs peuvent survenir sans que <a href=\"http:\/\/www.artsdecodesign.com\">www.artsdecodesign.com<\/a> en soit tenu responsable. Les images sont repr\u00e9sent\u00e9es \u00e0 valeur indicative et les diff\u00e9rences peuvent \u00e9galement \u00eatre li\u00e9es au variations des \u00e9crans d\u2019ordinateurs et de leur r\u00e9glage.<\/p>\n<p><strong>Achat<\/strong><\/p>\n<p>En confirmant sa commande apr\u00e8s avoir inscrit ses donn\u00e9es personnelles, le client conclut un contrat de vente au sens des articles 197 et suivants du Code des Obligations. <a href=\"http:\/\/www.artsdecodesign.com\">www.artsdecodesign.com<\/a> \u00a0confirme cette vente par l\u2019envoi d\u2019un e-mail de confirmation, mais se r\u00e9serve \u00e9galement le droit de l\u2019annuler, par exemple en cas de stock \u00e9puis\u00e9 ou indisponible.<\/p>\n<p><strong>Prix<\/strong><\/p>\n<p>Les prix indiqu\u00e9s s\u2019entendent en francs suisse (CHF), <strong>T.V.A. incluse<\/strong>. Les frais de livraison s\u2019ajoutent au prix du panier et sont calcul\u00e9s en fonction du poids, de la dimension et du pays de destination du colis. Nous nous r\u00e9servons le droit de modifier nos prix en tout temps.<\/p>\n<p><strong>Livraison<\/strong><\/p>\n<p><strong>\u00a0<\/strong><strong>Articles \u00ab En stock \u00bb<\/strong><\/p>\n<ul>\n<li>En semaine, les commandes pass\u00e9es (et pay\u00e9es par Visa, MasterCard, PayPal , Twint) sont exp\u00e9di\u00e9es dans les 48h en Prioritaire (pour la Suisse) ! pour autant que le paiement ait \u00e9t\u00e9 fait. Les commandes faites via le mode de paiement \u00ab\u00a0Virement bancaire\u00a0\u00bb sont valid\u00e9es et trait\u00e9es d\u00e8s que le paiement a bien \u00e9t\u00e9 r\u00e9ceptionn\u00e9 par\u00a0<a href=\"http:\/\/www.artsdecodesign.com\/\">www.artsdecodesign.com\/<\/a>. Un e-mail automatique de confirmation d\u2019exp\u00e9dition avec num\u00e9ro de suivi vous est envoy\u00e9 lorsque le colis a \u00e9t\u00e9 d\u00e9pos\u00e9 \u00e0 l\u2019office de poste.<\/li>\n<\/ul>\n<p><strong>\u00a0\u00a0\u00a0\u00a0\u00a0\u00a0 2)\u00a0 Articles \u00ab Sur commande \u00bb<\/strong><\/p>\n<ul>\n<li>La disponibilit\u00e9 des articles sur commande est mentionn\u00e9e sur la page du produit concern\u00e9. En g\u00e9n\u00e9ral, les d\u00e9lais sont d\u2019environ de 4 \u00e0 8 semaines. Les produits sont disponibles sous r\u00e9serve des stocks disponibles chez les fournisseurs, leur disponibilit\u00e9 peut donc varier en une journ\u00e9e en fonction des ventes (rupture de stock, r\u00e9approvisionnement, etc.).<\/li>\n<\/ul>\n<ul>\n<li>Dans le cas o\u00f9 il n\u2019est pas possible d\u2019obtenir un article souhait\u00e9 ou command\u00e9, \u00a0\u00a0<a href=\"http:\/\/www.artsdecodesign.com\">www.artsdecodesign.com<\/a> s\u2019engage \u00e0 vous donner une date d\u00e9finitive \u00a0au plus vite afin de trouver une solution avec le concours de notre fournisseur.<\/li>\n<\/ul>\n<p><strong>\u00a0\u00a0\u00a0\u00a0\u00a0\u00a0 3) Articles \u00ab\u00a0En stock\u00a0\u00bb et \u00ab Sur commande \u00bb<\/strong><\/p>\n<ul>\n<li>Dans le cas o\u00f9 votre commande contiendrait plusieurs articles avec des disponibilit\u00e9s diff\u00e9rentes, c\u2019est l\u2019article qui a le d\u00e9lai le plus long qui fait foi pour l\u2019exp\u00e9dition de l\u2019ensemble de la commande.\u00a0<a href=\"https:\/\/isopanel.de\/livraison\/www.artsdecodesign.com\">www.artsdecodesign.com<\/a> vous recommande de s\u00e9parer vos commandes si vous souhaitez \u00eatre livr\u00e9s plus rapidement et en plusieurs fois.<\/li>\n<\/ul>\n<p><strong>\u00a0\u00a0\u00a0\u00a0\u00a0\u00a0 4) Frais de livraison<\/strong><\/p>\n<ul>\n<li>\u00ab Colis \u00bb : Les frais de livraison sont calcul\u00e9s automatiquement en fonction du poids, de la dimension et du pays de destination de votre commande. Les frais de livraison exacts sont sp\u00e9cifi\u00e9s dans votre panier avant m\u00eame de finaliser votre commande. En g\u00e9n\u00e9ral, les frais de livraison pour une commande standard Colis pour la Suisse sont de CHF 6.90. Les frais de livraison augmentent proportionnellement en fonction du poids\/taille du colis (CHF 9.-, CHF 10.-, CHF 15, CHF 22.- et CHF 29.- pour les articles encombrants comme les statues et mobilier par exemple).<\/li>\n<\/ul>\n<ul>\n<li>La livraison vous est offerte \u00e0 partir de CHF 300.- d\u2019achat (pour la Suisse et hors mobilier et sculpture d\u00e9passant les 80 cm de hauteur et 60cm de largeur).<\/li>\n<\/ul>\n<ul>\n<li>Note : Toutes les commandes sont exp\u00e9di\u00e9es depuis la Suisse, des taxes locales et des frais suppl\u00e9mentaires peuvent s\u2019appliquer pour tous les autres pays de destination lors de la r\u00e9ception du colis.<\/li>\n<\/ul>\n<p><strong>\u00a0\u00a0\u00a0\u00a0\u00a0\u00a0 5) Modes de livraison<\/strong><\/p>\n<ul>\n<li>\u00ab La Poste Suisse \u00bb : Les commandes Colis sont exp\u00e9di\u00e9es par La Poste Suisse.<\/li>\n<\/ul>\n<ul>\n<li>\u00ab Retrait en boutique \u00bb : Vous avez la possibilit\u00e9 de choisir le mode de livraison \u00ab Retrait en boutique \u00bb et ainsi venir r\u00e9cup\u00e9rer votre commande \u00e0 la boutique Art Deco Design Gare Cornavin et M-Parc Carouge \u00e0 Gen\u00e8ve\u00a0(Suisse) selon les horaires d\u2019ouverture sans payer de frais de port. Pour des raisons logistiques, vous avez un d\u00e9lai de 15 jours pour venir r\u00e9cup\u00e9rer votre commande en boutique. Un contact au pr\u00e9alable par\u00a0<a href=\"mailto:info@artsdecodesign.com\">e-mail<\/a> ou t\u00e9l\u00e9phone (+41 78 225 63 73) au moins deux jours \u00e0 l\u2019avance pour convenir de la date de retrait.<\/li>\n<\/ul>\n<p><strong>\u00a0\u00a0\u00a0\u00a0\u00a0\u00a0 6) Pays de livraison<\/strong><\/p>\n<ul>\n<li>Art Deco design livre partout en Suisse, mais \u00e9galement dans certains pays d\u2019Europe: France, Danemark, Allemagne, Autriche, Belgique, Royaume-Unis, Irlande, Italie, Luxembourg, \u00cele de Man, Monaco, Pays-Bas, St-Martin, Vatican, Andorre, Espagne, Estonie, Finlande, Hongrie, Lettonie, Lituanie, Norv\u00e8ge, Pologne, Portugal, Slovaquie, Slov\u00e9nie, Su\u00e8de et la R\u00e9publique Tch\u00e8que.<\/li>\n<\/ul>\n<ul>\n<li>Toutes les commandes sont exp\u00e9di\u00e9es depuis la France, des taxes locales et des frais suppl\u00e9mentaires peuvent s\u2019appliquer pour tous les autres pays lors de la r\u00e9ception du colis.<\/li>\n<\/ul>\n<p><strong>Paiement<\/strong><\/p>\n<p>Songes vous propose les modes de paiement en ligne suivants :<\/p>\n<ul>\n<li>Carte bancaire (CB, Visa, Mastercard)<\/li>\n<li>Virement bancaire : La commande est exp\u00e9di\u00e9e d\u00e8s r\u00e9ception du paiement. Ne pouvant r\u00e9server les articles ind\u00e9finiment, les commandes non pay\u00e9es au bout de 14 jours seront annul\u00e9es et les articles remis en vente.<\/li>\n<\/ul>\n<p>La confidentialit\u00e9 de vos coordonn\u00e9es bancaires est tr\u00e8s importante, c\u2019est pourquoi le site\u00a0www.artsdecodesing.com\u00a0utilise un mode de paiement s\u00e9curis\u00e9 SSL (Secure Socket Layer) permettant le cryptage de vos informations bancaires lors de leur transmission sur le r\u00e9seau.<\/p>\n<p><strong>\u00c9changes, retours et annulations<\/strong><\/p>\n<p>Songes fait tout son possible pour indiquer au mieux les informations techniques de chaque article (dimensions, couleurs, disponibilit\u00e9, etc.), afin que vous n\u2019ayez aucune mauvaise surprise en ouvrant votre colis. Toutefois, si un produit ne vous convient pas, vous disposez d\u2019un d\u00e9lai l\u00e9gal de 7 jours ouvrables \u00e0 compter de la r\u00e9ception de votre commande pour nous signaler votre droit de r\u00e9tractation ainsi que la raison de ce retour (aucune marchandise ne sera accept\u00e9e sans que le retour ait pr\u00e9alablement \u00e9t\u00e9 valid\u00e9 par <a href=\"http:\/\/www.artsdecodesign.com\">www.artsdecodesign.com<\/a> ).<\/p>\n<p>En cas de casse, de probl\u00e8me li\u00e9s \u00e0 l\u2019exp\u00e9dition ou si vous constatez un d\u00e9faut sur un produit re\u00e7u, vous disposez d\u2019un d\u00e9lai de 48h apr\u00e8s la r\u00e9ception de votre commande pour nous pr\u00e9venir. Pour cela, \u00e9crivez-nous par\u00a0<a href=\"mailto:info@artsdecodesign.com\">e-mail<\/a>\u00a0et je vous indiquerai comment proc\u00e9der. Les frais de retour sont \u00e0 la charge du client.<\/p>\n<p>D\u00e8s la r\u00e9ception de votre colis de retour et apr\u00e8s v\u00e9rification des articles retourn\u00e9s, vous recevrez un e-mail de confirmation de retour avec un avoir sous forme de code promo \u00e0 utiliser lors d\u2019une prochaine commande sur <a href=\"http:\/\/www.artsdecodesign.com\">www.artsdecodesign.com<\/a> \u00a0Vous pourrez \u00e9galement choisir le remboursement de cet avoir. Dans ce cas, <a href=\"http:\/\/www.artsdecodesing.com\">www.artsdecodesing.com<\/a> s\u2019engage \u00e0 vous rembourser dans un d\u00e9lai de maximum 30 jours \u00e0 compter de la r\u00e9ception de votre colis de retour.<\/p>\n<p>Attention, les articles sold\u00e9s ainsi que le mobilier ne peuvent pas \u00eatres retourn\u00e9s ni rembours\u00e9s.<\/p>\n<p>Dans le cas d\u2019une commande d\u2019un article en pr\u00e9-commande (sur commande) que vous souhaitez annuler, si cette derni\u00e8re a \u00e9t\u00e9 pay\u00e9e par Visa, Mastercard , un remboursement est possible uniquement en soustrayant les frais de transactions du total de la commande et uniquement si l\u2019article en question n\u2019a pas d\u00e9j\u00e0 \u00e9t\u00e9 command\u00e9 par <a href=\"http:\/\/www.artsdecodesign.com\">www.artsdecodesign.com<\/a> \u00a0aupr\u00e8s du fournisseur.<\/p>\n<p>Toute annulation ou modification d\u2019une commande d\u00e9pend de l\u2019avancement de celle-ci, n\u2019h\u00e9sitez donc pas \u00e0 nous contacter par\u00a0<a href=\"mailto:info@artsdecodesing.com\">e-mail<\/a>\u00a0en sp\u00e9cifiant le num\u00e9ro de votre commande en cas de doute.<\/p>\n<p><strong>Gestion du compte<\/strong><\/p>\n<p>Lors de la cr\u00e9ation de son compte, le client confirme \u00eatre majeur et responsable, et que ses donn\u00e9es personnelles sont exactes. Le client peut en tout temps mettre \u00e0 jour ces donn\u00e9es. Le client est seul responsable de l\u2019acc\u00e8s \u00e0 son compte, ainsi <a href=\"http:\/\/www.artsdecodesing.com\">www.artsdecodesing.com<\/a> \u00a0ne pourrait \u00eatre tenu responsable d\u2019op\u00e9rations frauduleuses effectu\u00e9es par des tiers. Le client peut contacter Art Deco Desing par\u00a0<a href=\"mailto:info@artsdecodesing.com\">e-mail<\/a>\u00a0pour obtenir le blocage imm\u00e9diat de son compte.<\/p>\n<p><strong>Droit applicable et for juridique<\/strong><\/p>\n<p>Le droit applicable est le droit suisse, et tout litige sera trait\u00e9 par le Tribunal d\u2019arrondissement de la C\u00f4te \u00e0 Nyon.[\/vc_column_text][\/vc_column][\/vc_row]<\/p>\n<\/div>","protected":false},"excerpt":{"rendered":"<p>[vc_row][vc_column][vc_column_text text_larger=&#8221;no&#8221;] Conditions g\u00e9n\u00e9rales de vente Les pr\u00e9sentes Conditions G\u00e9n\u00e9rales sont valables pour toute commande effectu\u00e9e sur le site \u00a0www.artsdecodesign.com\u00a0op\u00e9r\u00e9<\/p>\n","protected":false},"author":2,"featured_media":0,"parent":0,"menu_order":0,"comment_status":"closed","ping_status":"closed","template":"","meta":{"footnotes":""},"class_list":["post-13665","page","type-page","status-publish","hentry"],"yoast_head":"<!-- This site is optimized with the Yoast SEO plugin v25.1 - https:\/\/yoast.com\/wordpress\/plugins\/seo\/ -->\n<title>Conditions G\u00e9n\u00e9rales de Vente - Art-Deco-Design - Magasin en ligne<\/title>\n<meta name=\"robots\" content=\"index, follow, max-snippet:-1, max-image-preview:large, max-video-preview:-1\" \/>\n<link rel=\"canonical\" href=\"https:\/\/artsdecodesign.com\/en\/conditions-generales-de-vente\/\" \/>\n<meta property=\"og:locale\" content=\"en_US\" \/>\n<meta property=\"og:type\" content=\"article\" \/>\n<meta property=\"og:title\" content=\"Conditions G\u00e9n\u00e9rales de Vente - Art-Deco-Design - Magasin en ligne\" \/>\n<meta property=\"og:description\" content=\"[vc_row][vc_column][vc_column_text text_larger=&#8221;no&#8221;] Conditions g\u00e9n\u00e9rales de vente Les pr\u00e9sentes Conditions G\u00e9n\u00e9rales sont valables pour toute commande effectu\u00e9e sur le site \u00a0www.artsdecodesign.com\u00a0op\u00e9r\u00e9\" \/>\n<meta property=\"og:url\" content=\"https:\/\/artsdecodesign.com\/en\/conditions-generales-de-vente\/\" \/>\n<meta property=\"og:site_name\" content=\"Art-Deco-Design - Magasin en ligne\" \/>\n<meta property=\"article:publisher\" content=\"https:\/\/www.facebook.com\/artsdecodesign\" \/>\n<meta name=\"twitter:card\" content=\"summary_large_image\" \/>\n<meta name=\"twitter:site\" content=\"@artdecodesignc1\" \/>\n<meta name=\"twitter:label1\" content=\"Est. reading time\" \/>\n\t<meta name=\"twitter:data1\" content=\"8 minutes\" \/>\n<script type=\"application\/ld+json\" class=\"yoast-schema-graph\">{\"@context\":\"https:\/\/schema.org\",\"@graph\":[{\"@type\":\"WebPage\",\"@id\":\"https:\/\/artsdecodesign.com\/en\/conditions-generales-de-vente\/\",\"url\":\"https:\/\/artsdecodesign.com\/en\/conditions-generales-de-vente\/\",\"name\":\"Conditions G\u00e9n\u00e9rales de Vente - Art-Deco-Design - Magasin en ligne\",\"isPartOf\":{\"@id\":\"https:\/\/artsdecodesign.com\/#website\"},\"datePublished\":\"2020-12-02T15:32:00+00:00\",\"breadcrumb\":{\"@id\":\"https:\/\/artsdecodesign.com\/en\/conditions-generales-de-vente\/#breadcrumb\"},\"inLanguage\":\"en-US\",\"potentialAction\":[{\"@type\":\"ReadAction\",\"target\":[\"https:\/\/artsdecodesign.com\/en\/conditions-generales-de-vente\/\"]}]},{\"@type\":\"BreadcrumbList\",\"@id\":\"https:\/\/artsdecodesign.com\/en\/conditions-generales-de-vente\/#breadcrumb\",\"itemListElement\":[{\"@type\":\"ListItem\",\"position\":1,\"name\":\"Home\",\"item\":\"https:\/\/artsdecodesign.com\/\"},{\"@type\":\"ListItem\",\"position\":2,\"name\":\"Conditions G\u00e9n\u00e9rales de Vente\"}]},{\"@type\":\"WebSite\",\"@id\":\"https:\/\/artsdecodesign.com\/#website\",\"url\":\"https:\/\/artsdecodesign.com\/\",\"name\":\"Art-Deco-Design - Magasin en ligne\",\"description\":\"\",\"potentialAction\":[{\"@type\":\"SearchAction\",\"target\":{\"@type\":\"EntryPoint\",\"urlTemplate\":\"https:\/\/artsdecodesign.com\/?s={search_term_string}\"},\"query-input\":{\"@type\":\"PropertyValueSpecification\",\"valueRequired\":true,\"valueName\":\"search_term_string\"}}],\"inLanguage\":\"en-US\"}]}<\/script>\n<!-- \/ Yoast SEO plugin. -->","yoast_head_json":{"title":"Conditions G\u00e9n\u00e9rales de Vente - Art-Deco-Design - Magasin en ligne","robots":{"index":"index","follow":"follow","max-snippet":"max-snippet:-1","max-image-preview":"max-image-preview:large","max-video-preview":"max-video-preview:-1"},"canonical":"https:\/\/artsdecodesign.com\/en\/conditions-generales-de-vente\/","og_locale":"en_US","og_type":"article","og_title":"Conditions G\u00e9n\u00e9rales de Vente - Art-Deco-Design - Magasin en ligne","og_description":"[vc_row][vc_column][vc_column_text text_larger=&#8221;no&#8221;] Conditions g\u00e9n\u00e9rales de vente Les pr\u00e9sentes Conditions G\u00e9n\u00e9rales sont valables pour toute commande effectu\u00e9e sur le site \u00a0www.artsdecodesign.com\u00a0op\u00e9r\u00e9","og_url":"https:\/\/artsdecodesign.com\/en\/conditions-generales-de-vente\/","og_site_name":"Art-Deco-Design - Magasin en ligne","article_publisher":"https:\/\/www.facebook.com\/artsdecodesign","twitter_card":"summary_large_image","twitter_site":"@artdecodesignc1","twitter_misc":{"Est. reading time":"8 minutes"},"schema":{"@context":"https:\/\/schema.org","@graph":[{"@type":"WebPage","@id":"https:\/\/artsdecodesign.com\/en\/conditions-generales-de-vente\/","url":"https:\/\/artsdecodesign.com\/en\/conditions-generales-de-vente\/","name":"Conditions G\u00e9n\u00e9rales de Vente - Art-Deco-Design - Magasin en ligne","isPartOf":{"@id":"https:\/\/artsdecodesign.com\/#website"},"datePublished":"2020-12-02T15:32:00+00:00","breadcrumb":{"@id":"https:\/\/artsdecodesign.com\/en\/conditions-generales-de-vente\/#breadcrumb"},"inLanguage":"en-US","potentialAction":[{"@type":"ReadAction","target":["https:\/\/artsdecodesign.com\/en\/conditions-generales-de-vente\/"]}]},{"@type":"BreadcrumbList","@id":"https:\/\/artsdecodesign.com\/en\/conditions-generales-de-vente\/#breadcrumb","itemListElement":[{"@type":"ListItem","position":1,"name":"Home","item":"https:\/\/artsdecodesign.com\/"},{"@type":"ListItem","position":2,"name":"Conditions G\u00e9n\u00e9rales de Vente"}]},{"@type":"WebSite","@id":"https:\/\/artsdecodesign.com\/#website","url":"https:\/\/artsdecodesign.com\/","name":"Art-Deco-Design - Magasin en ligne","description":"","potentialAction":[{"@type":"SearchAction","target":{"@type":"EntryPoint","urlTemplate":"https:\/\/artsdecodesign.com\/?s={search_term_string}"},"query-input":{"@type":"PropertyValueSpecification","valueRequired":true,"valueName":"search_term_string"}}],"inLanguage":"en-US"}]}},"_links":{"self":[{"href":"https:\/\/artsdecodesign.com\/en\/wp-json\/wp\/v2\/pages\/13665","targetHints":{"allow":["GET"]}}],"collection":[{"href":"https:\/\/artsdecodesign.com\/en\/wp-json\/wp\/v2\/pages"}],"about":[{"href":"https:\/\/artsdecodesign.com\/en\/wp-json\/wp\/v2\/types\/page"}],"author":[{"embeddable":true,"href":"https:\/\/artsdecodesign.com\/en\/wp-json\/wp\/v2\/users\/2"}],"replies":[{"embeddable":true,"href":"https:\/\/artsdecodesign.com\/en\/wp-json\/wp\/v2\/comments?post=13665"}],"version-history":[{"count":0,"href":"https:\/\/artsdecodesign.com\/en\/wp-json\/wp\/v2\/pages\/13665\/revisions"}],"wp:attachment":[{"href":"https:\/\/artsdecodesign.com\/en\/wp-json\/wp\/v2\/media?parent=13665"}],"curies":[{"name":"wp","href":"https:\/\/api.w.org\/{rel}","templated":true}]}}