{"id":13434,"date":"2020-11-04T16:53:07","date_gmt":"2020-11-04T15:53:07","guid":{"rendered":"https:\/\/artsdecodesign.com\/produit\/tableau-abstrait-rose-dore\/"},"modified":"2025-12-03T15:22:39","modified_gmt":"2025-12-03T14:22:39","slug":"tableau-abstrait-rose-dore","status":"publish","type":"product","link":"https:\/\/artsdecodesign.com\/en\/product\/tableau-abstrait-rose-dore\/","title":{"rendered":"Tableau &#8220;Abstrait rose dor\u00e9&#8221;"},"content":{"rendered":"<p>Gicl\u00e9e, finition artisanale soign\u00e9e<\/p>\n<p>Ce tableau\u00a0encadr\u00e9\u00a0moderne et exclusif sur toile attire l&#8217;attention dans chaque salon, chaque bureau et chaque lounge.\u00a0La toile de haute qualit\u00e9\u00a0est tendue sur un cadre en\u00a0v\u00e9ritable bois. L&#8217;image semble flotter dans une\u00a0\u00e9l\u00e9gante\u00a0caisse am\u00e9ricaine.\u00a0L&#8217;image est bas\u00e9e sur une gicl\u00e9e \/ impression num\u00e9rique, qui est peinte\u00a0\u00e0\u00a0la\u00a0main et affin\u00e9\u00a0par des artistes\u00a0qualifi\u00e9s.<\/p>\n<p>Chaque tableau peint \u00e0 la main pr\u00e9sente de petites variations de couleur et de forme, ce qui le rend unique. Nos clients appr\u00e9cient cette individualit\u00e9 et la qualit\u00e9\u00a0de nos images.<\/p>\n<p>Des supports utilisables de mani\u00e8re flexible sont fournis pour faciliter l&#8217;installation.<\/p>\n","protected":false},"excerpt":{"rendered":"<p><strong>Dimensions : <\/strong>27.5cm x 127.5cm x 4.5cm<\/p>\n<p><strong>Mat\u00e9riel : <\/strong>Toile sur ch\u00e2ssis en bois<\/p>\n<p>Peinture acrylique<\/p>\n<p><strong>Effet :<\/strong> feuilles m\u00e9talliques<\/p>\n<p><strong>Format : <\/strong>portrait<\/p>\n","protected":false},"featured_media":8136,"comment_status":"open","ping_status":"closed","template":"","meta":[],"pwb-brand":[],"product_brand":[],"product_cat":[386,351,360],"product_tag":[],"class_list":{"0":"post-13434","1":"product","2":"type-product","3":"status-publish","4":"has-post-thumbnail","6":"product_cat-abstract-canvas-canvases-paintings","7":"product_cat-canvases-paintings","8":"product_cat-flash-sales","9":"product_shipping_class-colis-en","11":"first","12":"instock","13":"sale","14":"taxable","15":"shipping-taxable","16":"purchasable","17":"product-type-simple"},"yoast_head":"<!-- This site is optimized with the Yoast SEO plugin v25.1 - https:\/\/yoast.com\/wordpress\/plugins\/seo\/ -->\n<title>Tableau &quot;Abstrait rose dor\u00e9&quot; - Art-Deco-Design - Magasin en ligne<\/title>\n<meta name=\"description\" content=\"Abstrait rose dor\u00e9 - S\u00e9lection de tableaux d\u00e9co et design pour votre int\u00e9rieure. D\u00e9couvrez l&#039;art mural \u00e0 des prix attractifs. Paiement s\u00e9curis\u00e9. Styles : Abstrait, Design, Contemporain, etc.\" \/>\n<meta name=\"robots\" content=\"index, follow, max-snippet:-1, max-image-preview:large, max-video-preview:-1\" \/>\n<link rel=\"canonical\" href=\"https:\/\/artsdecodesign.com\/product\/tableau-abstrait-rose-dore\/\" \/>\n<meta property=\"og:locale\" content=\"en_US\" \/>\n<meta property=\"og:type\" content=\"article\" \/>\n<meta property=\"og:title\" content=\"Tableau &quot;Abstrait rose dor\u00e9&quot; - Art-Deco-Design - Magasin en ligne\" \/>\n<meta property=\"og:description\" content=\"Abstrait rose dor\u00e9 - S\u00e9lection de tableaux d\u00e9co et design pour votre int\u00e9rieure. D\u00e9couvrez l&#039;art mural \u00e0 des prix attractifs. Paiement s\u00e9curis\u00e9. Styles : Abstrait, Design, Contemporain, etc.\" \/>\n<meta property=\"og:url\" content=\"https:\/\/artsdecodesign.com\/product\/tableau-abstrait-rose-dore\/\" \/>\n<meta property=\"og:site_name\" content=\"Art-Deco-Design - Magasin en ligne\" \/>\n<meta property=\"article:publisher\" content=\"https:\/\/www.facebook.com\/artsdecodesign\" \/>\n<meta property=\"article:modified_time\" content=\"2025-12-03T14:22:39+00:00\" \/>\n<meta property=\"og:image\" content=\"https:\/\/artsdecodesign.com\/wp-content\/uploads\/2020\/11\/161221_2_s.jpg\" \/>\n\t<meta property=\"og:image:width\" content=\"1000\" \/>\n\t<meta property=\"og:image:height\" content=\"905\" \/>\n\t<meta property=\"og:image:type\" content=\"image\/jpeg\" \/>\n<meta name=\"twitter:card\" content=\"summary_large_image\" \/>\n<meta name=\"twitter:site\" content=\"@artdecodesignc1\" \/>\n<meta name=\"twitter:label1\" content=\"Est. reading time\" \/>\n\t<meta name=\"twitter:data1\" content=\"1 minute\" \/>\n<script type=\"application\/ld+json\" class=\"yoast-schema-graph\">{\"@context\":\"https:\/\/schema.org\",\"@graph\":[{\"@type\":\"WebPage\",\"@id\":\"https:\/\/artsdecodesign.com\/product\/tableau-abstrait-rose-dore\/\",\"url\":\"https:\/\/artsdecodesign.com\/product\/tableau-abstrait-rose-dore\/\",\"name\":\"Tableau \\\"Abstrait rose dor\u00e9\\\" - Art-Deco-Design - Magasin en ligne\",\"isPartOf\":{\"@id\":\"https:\/\/artsdecodesign.com\/#website\"},\"primaryImageOfPage\":{\"@id\":\"https:\/\/artsdecodesign.com\/product\/tableau-abstrait-rose-dore\/#primaryimage\"},\"image\":{\"@id\":\"https:\/\/artsdecodesign.com\/product\/tableau-abstrait-rose-dore\/#primaryimage\"},\"thumbnailUrl\":\"https:\/\/artsdecodesign.com\/wp-content\/uploads\/2020\/11\/161221_2_s.jpg\",\"datePublished\":\"2020-11-04T15:53:07+00:00\",\"dateModified\":\"2025-12-03T14:22:39+00:00\",\"description\":\"Abstrait rose dor\u00e9 - S\u00e9lection de tableaux d\u00e9co et design pour votre int\u00e9rieure. D\u00e9couvrez l'art mural \u00e0 des prix attractifs. Paiement s\u00e9curis\u00e9. Styles : Abstrait, Design, Contemporain, etc.\",\"breadcrumb\":{\"@id\":\"https:\/\/artsdecodesign.com\/product\/tableau-abstrait-rose-dore\/#breadcrumb\"},\"inLanguage\":\"en-US\",\"potentialAction\":[{\"@type\":\"ReadAction\",\"target\":[\"https:\/\/artsdecodesign.com\/product\/tableau-abstrait-rose-dore\/\"]}]},{\"@type\":\"ImageObject\",\"inLanguage\":\"en-US\",\"@id\":\"https:\/\/artsdecodesign.com\/product\/tableau-abstrait-rose-dore\/#primaryimage\",\"url\":\"https:\/\/artsdecodesign.com\/wp-content\/uploads\/2020\/11\/161221_2_s.jpg\",\"contentUrl\":\"https:\/\/artsdecodesign.com\/wp-content\/uploads\/2020\/11\/161221_2_s.jpg\",\"width\":1000,\"height\":905},{\"@type\":\"BreadcrumbList\",\"@id\":\"https:\/\/artsdecodesign.com\/product\/tableau-abstrait-rose-dore\/#breadcrumb\",\"itemListElement\":[{\"@type\":\"ListItem\",\"position\":1,\"name\":\"Home\",\"item\":\"https:\/\/artsdecodesign.com\/\"},{\"@type\":\"ListItem\",\"position\":2,\"name\":\"Shop\",\"item\":\"https:\/\/artsdecodesign.com\/en\/shop\/\"},{\"@type\":\"ListItem\",\"position\":3,\"name\":\"Tableau \u00ab\u00a0Abstrait rose dor\u00e9\u00a0\u00bb\"}]},{\"@type\":\"WebSite\",\"@id\":\"https:\/\/artsdecodesign.com\/#website\",\"url\":\"https:\/\/artsdecodesign.com\/\",\"name\":\"Art-Deco-Design - Magasin en ligne\",\"description\":\"\",\"potentialAction\":[{\"@type\":\"SearchAction\",\"target\":{\"@type\":\"EntryPoint\",\"urlTemplate\":\"https:\/\/artsdecodesign.com\/?s={search_term_string}\"},\"query-input\":{\"@type\":\"PropertyValueSpecification\",\"valueRequired\":true,\"valueName\":\"search_term_string\"}}],\"inLanguage\":\"en-US\"}]}<\/script>\n<!-- \/ Yoast SEO plugin. -->","yoast_head_json":{"title":"Tableau \"Abstrait rose dor\u00e9\" - Art-Deco-Design - Magasin en ligne","description":"Abstrait rose dor\u00e9 - S\u00e9lection de tableaux d\u00e9co et design pour votre int\u00e9rieure. D\u00e9couvrez l'art mural \u00e0 des prix attractifs. Paiement s\u00e9curis\u00e9. Styles : Abstrait, Design, Contemporain, etc.","robots":{"index":"index","follow":"follow","max-snippet":"max-snippet:-1","max-image-preview":"max-image-preview:large","max-video-preview":"max-video-preview:-1"},"canonical":"https:\/\/artsdecodesign.com\/product\/tableau-abstrait-rose-dore\/","og_locale":"en_US","og_type":"article","og_title":"Tableau \"Abstrait rose dor\u00e9\" - Art-Deco-Design - Magasin en ligne","og_description":"Abstrait rose dor\u00e9 - S\u00e9lection de tableaux d\u00e9co et design pour votre int\u00e9rieure. D\u00e9couvrez l'art mural \u00e0 des prix attractifs. Paiement s\u00e9curis\u00e9. Styles : Abstrait, Design, Contemporain, etc.","og_url":"https:\/\/artsdecodesign.com\/product\/tableau-abstrait-rose-dore\/","og_site_name":"Art-Deco-Design - Magasin en ligne","article_publisher":"https:\/\/www.facebook.com\/artsdecodesign","article_modified_time":"2025-12-03T14:22:39+00:00","og_image":[{"width":1000,"height":905,"url":"https:\/\/artsdecodesign.com\/wp-content\/uploads\/2020\/11\/161221_2_s.jpg","type":"image\/jpeg"}],"twitter_card":"summary_large_image","twitter_site":"@artdecodesignc1","twitter_misc":{"Est. reading time":"1 minute"},"schema":{"@context":"https:\/\/schema.org","@graph":[{"@type":"WebPage","@id":"https:\/\/artsdecodesign.com\/product\/tableau-abstrait-rose-dore\/","url":"https:\/\/artsdecodesign.com\/product\/tableau-abstrait-rose-dore\/","name":"Tableau \"Abstrait rose dor\u00e9\" - Art-Deco-Design - Magasin en ligne","isPartOf":{"@id":"https:\/\/artsdecodesign.com\/#website"},"primaryImageOfPage":{"@id":"https:\/\/artsdecodesign.com\/product\/tableau-abstrait-rose-dore\/#primaryimage"},"image":{"@id":"https:\/\/artsdecodesign.com\/product\/tableau-abstrait-rose-dore\/#primaryimage"},"thumbnailUrl":"https:\/\/artsdecodesign.com\/wp-content\/uploads\/2020\/11\/161221_2_s.jpg","datePublished":"2020-11-04T15:53:07+00:00","dateModified":"2025-12-03T14:22:39+00:00","description":"Abstrait rose dor\u00e9 - S\u00e9lection de tableaux d\u00e9co et design pour votre int\u00e9rieure. D\u00e9couvrez l'art mural \u00e0 des prix attractifs. Paiement s\u00e9curis\u00e9. Styles : Abstrait, Design, Contemporain, etc.","breadcrumb":{"@id":"https:\/\/artsdecodesign.com\/product\/tableau-abstrait-rose-dore\/#breadcrumb"},"inLanguage":"en-US","potentialAction":[{"@type":"ReadAction","target":["https:\/\/artsdecodesign.com\/product\/tableau-abstrait-rose-dore\/"]}]},{"@type":"ImageObject","inLanguage":"en-US","@id":"https:\/\/artsdecodesign.com\/product\/tableau-abstrait-rose-dore\/#primaryimage","url":"https:\/\/artsdecodesign.com\/wp-content\/uploads\/2020\/11\/161221_2_s.jpg","contentUrl":"https:\/\/artsdecodesign.com\/wp-content\/uploads\/2020\/11\/161221_2_s.jpg","width":1000,"height":905},{"@type":"BreadcrumbList","@id":"https:\/\/artsdecodesign.com\/product\/tableau-abstrait-rose-dore\/#breadcrumb","itemListElement":[{"@type":"ListItem","position":1,"name":"Home","item":"https:\/\/artsdecodesign.com\/"},{"@type":"ListItem","position":2,"name":"Shop","item":"https:\/\/artsdecodesign.com\/en\/shop\/"},{"@type":"ListItem","position":3,"name":"Tableau \u00ab\u00a0Abstrait rose dor\u00e9\u00a0\u00bb"}]},{"@type":"WebSite","@id":"https:\/\/artsdecodesign.com\/#website","url":"https:\/\/artsdecodesign.com\/","name":"Art-Deco-Design - Magasin en ligne","description":"","potentialAction":[{"@type":"SearchAction","target":{"@type":"EntryPoint","urlTemplate":"https:\/\/artsdecodesign.com\/?s={search_term_string}"},"query-input":{"@type":"PropertyValueSpecification","valueRequired":true,"valueName":"search_term_string"}}],"inLanguage":"en-US"}]}},"brands":[],"_links":{"self":[{"href":"https:\/\/artsdecodesign.com\/en\/wp-json\/wp\/v2\/product\/13434","targetHints":{"allow":["GET"]}}],"collection":[{"href":"https:\/\/artsdecodesign.com\/en\/wp-json\/wp\/v2\/product"}],"about":[{"href":"https:\/\/artsdecodesign.com\/en\/wp-json\/wp\/v2\/types\/product"}],"replies":[{"embeddable":true,"href":"https:\/\/artsdecodesign.com\/en\/wp-json\/wp\/v2\/comments?post=13434"}],"wp:featuredmedia":[{"embeddable":true,"href":"https:\/\/artsdecodesign.com\/en\/wp-json\/wp\/v2\/media\/8136"}],"wp:attachment":[{"href":"https:\/\/artsdecodesign.com\/en\/wp-json\/wp\/v2\/media?parent=13434"}],"wp:term":[{"taxonomy":"pwb-brand","embeddable":true,"href":"https:\/\/artsdecodesign.com\/en\/wp-json\/wp\/v2\/pwb-brand?post=13434"},{"taxonomy":"product_brand","embeddable":true,"href":"https:\/\/artsdecodesign.com\/en\/wp-json\/wp\/v2\/product_brand?post=13434"},{"taxonomy":"product_cat","embeddable":true,"href":"https:\/\/artsdecodesign.com\/en\/wp-json\/wp\/v2\/product_cat?post=13434"},{"taxonomy":"product_tag","embeddable":true,"href":"https:\/\/artsdecodesign.com\/en\/wp-json\/wp\/v2\/product_tag?post=13434"}],"curies":[{"name":"wp","href":"https:\/\/api.w.org\/{rel}","templated":true}]}}