{"id":13440,"date":"2020-11-04T16:05:53","date_gmt":"2020-11-04T15:05:53","guid":{"rendered":"https:\/\/artsdecodesign.com\/produit\/tableau-beauty-with-red-dress\/"},"modified":"2023-04-04T09:25:12","modified_gmt":"2023-04-04T08:25:12","slug":"tableau-beauty-with-red-dress","status":"publish","type":"product","link":"https:\/\/artsdecodesign.com\/en\/product\/tableau-beauty-with-red-dress\/","title":{"rendered":"Tableau &#8220;Beauty with red dress&#8221;"},"content":{"rendered":"","protected":false},"excerpt":{"rendered":"<p><strong>Dimensions : <\/strong>60cm x 90cm x 3.5cm<\/p>\n<p><strong>Mat\u00e9riel : <\/strong>Toile sur ch\u00e2ssis en bois<\/p>\n<p>Peinture acrylique<\/p>\n<p><strong>Format : <\/strong>portrait<\/p>\n","protected":false},"featured_media":8104,"comment_status":"open","ping_status":"closed","template":"","meta":[],"pwb-brand":[],"product_brand":[],"product_cat":[351,356],"product_tag":[],"class_list":{"0":"post-13440","1":"product","2":"type-product","3":"status-publish","4":"has-post-thumbnail","6":"product_cat-canvases-paintings","7":"product_cat-figurative-canvases","8":"product_shipping_class-colis-en","10":"first","11":"outofstock","12":"taxable","13":"shipping-taxable","14":"purchasable","15":"product-type-simple"},"yoast_head":"<!-- This site is optimized with the Yoast SEO plugin v25.1 - https:\/\/yoast.com\/wordpress\/plugins\/seo\/ -->\n<title>Tableau &quot;Beauty with red dress&quot; - Art-Deco-Design - Magasin en ligne<\/title>\n<meta name=\"description\" content=\"Beauty with red dress - S\u00e9lection de tableaux d\u00e9co et design pour votre int\u00e9rieure. D\u00e9couvrez l&#039;art mural \u00e0 des prix attractifs. Paiement s\u00e9curis\u00e9. Styles : Abstrait, Design, Contemporain, etc.\" \/>\n<meta name=\"robots\" content=\"index, follow, max-snippet:-1, max-image-preview:large, max-video-preview:-1\" \/>\n<link rel=\"canonical\" href=\"https:\/\/artsdecodesign.com\/en\/product\/tableau-beauty-with-red-dress\/\" \/>\n<meta property=\"og:locale\" content=\"en_US\" \/>\n<meta property=\"og:type\" content=\"article\" \/>\n<meta property=\"og:title\" content=\"Tableau &quot;Beauty with red dress&quot; - Art-Deco-Design - Magasin en ligne\" \/>\n<meta property=\"og:description\" content=\"Beauty with red dress - S\u00e9lection de tableaux d\u00e9co et design pour votre int\u00e9rieure. D\u00e9couvrez l&#039;art mural \u00e0 des prix attractifs. Paiement s\u00e9curis\u00e9. Styles : Abstrait, Design, Contemporain, etc.\" \/>\n<meta property=\"og:url\" content=\"https:\/\/artsdecodesign.com\/en\/product\/tableau-beauty-with-red-dress\/\" \/>\n<meta property=\"og:site_name\" content=\"Art-Deco-Design - Magasin en ligne\" \/>\n<meta property=\"article:publisher\" content=\"https:\/\/www.facebook.com\/artsdecodesign\" \/>\n<meta property=\"article:modified_time\" content=\"2023-04-04T08:25:12+00:00\" \/>\n<meta property=\"og:image\" content=\"https:\/\/artsdecodesign.com\/wp-content\/uploads\/2020\/11\/102332_s.jpg\" \/>\n\t<meta property=\"og:image:width\" content=\"666\" \/>\n\t<meta property=\"og:image:height\" content=\"1000\" \/>\n\t<meta property=\"og:image:type\" content=\"image\/jpeg\" \/>\n<meta name=\"twitter:card\" content=\"summary_large_image\" \/>\n<meta name=\"twitter:site\" content=\"@artdecodesignc1\" \/>\n<script type=\"application\/ld+json\" class=\"yoast-schema-graph\">{\"@context\":\"https:\/\/schema.org\",\"@graph\":[{\"@type\":\"WebPage\",\"@id\":\"https:\/\/artsdecodesign.com\/en\/product\/tableau-beauty-with-red-dress\/\",\"url\":\"https:\/\/artsdecodesign.com\/en\/product\/tableau-beauty-with-red-dress\/\",\"name\":\"Tableau \\\"Beauty with red dress\\\" - Art-Deco-Design - Magasin en ligne\",\"isPartOf\":{\"@id\":\"https:\/\/artsdecodesign.com\/#website\"},\"primaryImageOfPage\":{\"@id\":\"https:\/\/artsdecodesign.com\/en\/product\/tableau-beauty-with-red-dress\/#primaryimage\"},\"image\":{\"@id\":\"https:\/\/artsdecodesign.com\/en\/product\/tableau-beauty-with-red-dress\/#primaryimage\"},\"thumbnailUrl\":\"https:\/\/artsdecodesign.com\/wp-content\/uploads\/2020\/11\/102332_s.jpg\",\"datePublished\":\"2020-11-04T15:05:53+00:00\",\"dateModified\":\"2023-04-04T08:25:12+00:00\",\"description\":\"Beauty with red dress - S\u00e9lection de tableaux d\u00e9co et design pour votre int\u00e9rieure. D\u00e9couvrez l'art mural \u00e0 des prix attractifs. Paiement s\u00e9curis\u00e9. Styles : Abstrait, Design, Contemporain, etc.\",\"breadcrumb\":{\"@id\":\"https:\/\/artsdecodesign.com\/en\/product\/tableau-beauty-with-red-dress\/#breadcrumb\"},\"inLanguage\":\"en-US\",\"potentialAction\":[{\"@type\":\"ReadAction\",\"target\":[\"https:\/\/artsdecodesign.com\/en\/product\/tableau-beauty-with-red-dress\/\"]}]},{\"@type\":\"ImageObject\",\"inLanguage\":\"en-US\",\"@id\":\"https:\/\/artsdecodesign.com\/en\/product\/tableau-beauty-with-red-dress\/#primaryimage\",\"url\":\"https:\/\/artsdecodesign.com\/wp-content\/uploads\/2020\/11\/102332_s.jpg\",\"contentUrl\":\"https:\/\/artsdecodesign.com\/wp-content\/uploads\/2020\/11\/102332_s.jpg\",\"width\":666,\"height\":1000},{\"@type\":\"BreadcrumbList\",\"@id\":\"https:\/\/artsdecodesign.com\/en\/product\/tableau-beauty-with-red-dress\/#breadcrumb\",\"itemListElement\":[{\"@type\":\"ListItem\",\"position\":1,\"name\":\"Home\",\"item\":\"https:\/\/artsdecodesign.com\/\"},{\"@type\":\"ListItem\",\"position\":2,\"name\":\"Shop\",\"item\":\"https:\/\/artsdecodesign.com\/en\/shop\/\"},{\"@type\":\"ListItem\",\"position\":3,\"name\":\"Tableau &#8220;Beauty with red dress&#8221;\"}]},{\"@type\":\"WebSite\",\"@id\":\"https:\/\/artsdecodesign.com\/#website\",\"url\":\"https:\/\/artsdecodesign.com\/\",\"name\":\"Art-Deco-Design - Magasin en ligne\",\"description\":\"\",\"potentialAction\":[{\"@type\":\"SearchAction\",\"target\":{\"@type\":\"EntryPoint\",\"urlTemplate\":\"https:\/\/artsdecodesign.com\/?s={search_term_string}\"},\"query-input\":{\"@type\":\"PropertyValueSpecification\",\"valueRequired\":true,\"valueName\":\"search_term_string\"}}],\"inLanguage\":\"en-US\"}]}<\/script>\n<!-- \/ Yoast SEO plugin. -->","yoast_head_json":{"title":"Tableau \"Beauty with red dress\" - Art-Deco-Design - Magasin en ligne","description":"Beauty with red dress - S\u00e9lection de tableaux d\u00e9co et design pour votre int\u00e9rieure. D\u00e9couvrez l'art mural \u00e0 des prix attractifs. Paiement s\u00e9curis\u00e9. Styles : Abstrait, Design, Contemporain, etc.","robots":{"index":"index","follow":"follow","max-snippet":"max-snippet:-1","max-image-preview":"max-image-preview:large","max-video-preview":"max-video-preview:-1"},"canonical":"https:\/\/artsdecodesign.com\/en\/product\/tableau-beauty-with-red-dress\/","og_locale":"en_US","og_type":"article","og_title":"Tableau \"Beauty with red dress\" - Art-Deco-Design - Magasin en ligne","og_description":"Beauty with red dress - S\u00e9lection de tableaux d\u00e9co et design pour votre int\u00e9rieure. D\u00e9couvrez l'art mural \u00e0 des prix attractifs. Paiement s\u00e9curis\u00e9. Styles : Abstrait, Design, Contemporain, etc.","og_url":"https:\/\/artsdecodesign.com\/en\/product\/tableau-beauty-with-red-dress\/","og_site_name":"Art-Deco-Design - Magasin en ligne","article_publisher":"https:\/\/www.facebook.com\/artsdecodesign","article_modified_time":"2023-04-04T08:25:12+00:00","og_image":[{"width":666,"height":1000,"url":"https:\/\/artsdecodesign.com\/wp-content\/uploads\/2020\/11\/102332_s.jpg","type":"image\/jpeg"}],"twitter_card":"summary_large_image","twitter_site":"@artdecodesignc1","schema":{"@context":"https:\/\/schema.org","@graph":[{"@type":"WebPage","@id":"https:\/\/artsdecodesign.com\/en\/product\/tableau-beauty-with-red-dress\/","url":"https:\/\/artsdecodesign.com\/en\/product\/tableau-beauty-with-red-dress\/","name":"Tableau \"Beauty with red dress\" - Art-Deco-Design - Magasin en ligne","isPartOf":{"@id":"https:\/\/artsdecodesign.com\/#website"},"primaryImageOfPage":{"@id":"https:\/\/artsdecodesign.com\/en\/product\/tableau-beauty-with-red-dress\/#primaryimage"},"image":{"@id":"https:\/\/artsdecodesign.com\/en\/product\/tableau-beauty-with-red-dress\/#primaryimage"},"thumbnailUrl":"https:\/\/artsdecodesign.com\/wp-content\/uploads\/2020\/11\/102332_s.jpg","datePublished":"2020-11-04T15:05:53+00:00","dateModified":"2023-04-04T08:25:12+00:00","description":"Beauty with red dress - S\u00e9lection de tableaux d\u00e9co et design pour votre int\u00e9rieure. D\u00e9couvrez l'art mural \u00e0 des prix attractifs. Paiement s\u00e9curis\u00e9. Styles : Abstrait, Design, Contemporain, etc.","breadcrumb":{"@id":"https:\/\/artsdecodesign.com\/en\/product\/tableau-beauty-with-red-dress\/#breadcrumb"},"inLanguage":"en-US","potentialAction":[{"@type":"ReadAction","target":["https:\/\/artsdecodesign.com\/en\/product\/tableau-beauty-with-red-dress\/"]}]},{"@type":"ImageObject","inLanguage":"en-US","@id":"https:\/\/artsdecodesign.com\/en\/product\/tableau-beauty-with-red-dress\/#primaryimage","url":"https:\/\/artsdecodesign.com\/wp-content\/uploads\/2020\/11\/102332_s.jpg","contentUrl":"https:\/\/artsdecodesign.com\/wp-content\/uploads\/2020\/11\/102332_s.jpg","width":666,"height":1000},{"@type":"BreadcrumbList","@id":"https:\/\/artsdecodesign.com\/en\/product\/tableau-beauty-with-red-dress\/#breadcrumb","itemListElement":[{"@type":"ListItem","position":1,"name":"Home","item":"https:\/\/artsdecodesign.com\/"},{"@type":"ListItem","position":2,"name":"Shop","item":"https:\/\/artsdecodesign.com\/en\/shop\/"},{"@type":"ListItem","position":3,"name":"Tableau &#8220;Beauty with red dress&#8221;"}]},{"@type":"WebSite","@id":"https:\/\/artsdecodesign.com\/#website","url":"https:\/\/artsdecodesign.com\/","name":"Art-Deco-Design - Magasin en ligne","description":"","potentialAction":[{"@type":"SearchAction","target":{"@type":"EntryPoint","urlTemplate":"https:\/\/artsdecodesign.com\/?s={search_term_string}"},"query-input":{"@type":"PropertyValueSpecification","valueRequired":true,"valueName":"search_term_string"}}],"inLanguage":"en-US"}]}},"brands":[],"_links":{"self":[{"href":"https:\/\/artsdecodesign.com\/en\/wp-json\/wp\/v2\/product\/13440","targetHints":{"allow":["GET"]}}],"collection":[{"href":"https:\/\/artsdecodesign.com\/en\/wp-json\/wp\/v2\/product"}],"about":[{"href":"https:\/\/artsdecodesign.com\/en\/wp-json\/wp\/v2\/types\/product"}],"replies":[{"embeddable":true,"href":"https:\/\/artsdecodesign.com\/en\/wp-json\/wp\/v2\/comments?post=13440"}],"wp:featuredmedia":[{"embeddable":true,"href":"https:\/\/artsdecodesign.com\/en\/wp-json\/wp\/v2\/media\/8104"}],"wp:attachment":[{"href":"https:\/\/artsdecodesign.com\/en\/wp-json\/wp\/v2\/media?parent=13440"}],"wp:term":[{"taxonomy":"pwb-brand","embeddable":true,"href":"https:\/\/artsdecodesign.com\/en\/wp-json\/wp\/v2\/pwb-brand?post=13440"},{"taxonomy":"product_brand","embeddable":true,"href":"https:\/\/artsdecodesign.com\/en\/wp-json\/wp\/v2\/product_brand?post=13440"},{"taxonomy":"product_cat","embeddable":true,"href":"https:\/\/artsdecodesign.com\/en\/wp-json\/wp\/v2\/product_cat?post=13440"},{"taxonomy":"product_tag","embeddable":true,"href":"https:\/\/artsdecodesign.com\/en\/wp-json\/wp\/v2\/product_tag?post=13440"}],"curies":[{"name":"wp","href":"https:\/\/api.w.org\/{rel}","templated":true}]}}